{"id":2,"date":"2016-05-21T18:23:34","date_gmt":"2016-05-21T16:23:34","guid":{"rendered":"http:\/\/wealthaccounts.underluppen.se\/?page_id=2"},"modified":"2021-04-01T12:28:41","modified_gmt":"2021-04-01T10:28:41","slug":"exempelsida","status":"publish","type":"page","link":"https:\/\/www.wealthaccounts.com\/sv\/","title":{"rendered":"International Wealth Accounts"},"content":{"rendered":"<p><strong>International Wealth Accounts Ltd (IWA)<\/strong> \u00e4r en modern akt\u00f6r anpassad efter dagens finansiella och digitala verklighet. F\u00f6retaget \u00e4r grundat och \u00e4gs av Magnus Jacobsson som har 25 \u00e5rs erfarenhet fr\u00e5n aktie och derivatmarknader \u00f6ver hela v\u00e4rlden. <strong>F\u00f6retaget var tidigare registrerat i Hong Kong men \u00e4r nu registrerat p\u00e5 BVI.<\/strong><\/p>\n<p>Vi samarbetar med olika akt\u00f6rer i ett n\u00e4tverk och \u00e4r en s\u00e5 kallad layer-player vilket inneb\u00e4r att vi samarbetar med olika st\u00f6rre akt\u00f6rer som erbjuder handelsplattformar och relevanta tillst\u00e5nd fr\u00e5n olika myndigheter.<\/p>\n<p>Vi hj\u00e4lper andra f\u00f6retag med deras f\u00f6rvaltningsl\u00f6sningar mot slutkund samt \u00e4ven ett f\u00e5tal v\u00e4lb\u00e4rgade individer (High Net Worth Individuals &#8211; HNWI) och mindre institutioner som \u00e4r m\u00e5na om att uppn\u00e5 en j\u00e4mn avkastning utan alltf\u00f6r h\u00f6ga risker. F\u00f6r tillf\u00e4llet sker alla aktierelaterade uppdrag i andra jursidiktioner tills vi \u00e4r helt s\u00e4kra p\u00e5 att undvika eventuella oklarheter i skattesituationen.<\/p>\n<p><strong>Kunden betalar endast n\u00e4r vi uppn\u00e5tt ett positivt resultat. Den enda avgift kunden betalar \u00e4r en del av avkastningen,<\/strong> <strong>s\u00e5 att vi alltid delar kundens intresse.<\/strong><\/p>\n<p>Vi \u00e4r experter p\u00e5 aktier och l\u00e5griskstrategier d\u00e4r v\u00e5r expertkunskap i kombination med v\u00e5rt stora n\u00e4tverk runt om i v\u00e4rlden inneb\u00e4r att vi regelbundet hittar m\u00e5nga intressanta investeringsm\u00f6jligheter med begr\u00e4nsad risk.<\/p>\n<p>Vi fokuserar \u00e4ven mycket p\u00e5 digitaliseringen och dess effekter p\u00e5 olika branscher och enskilda f\u00f6retag. Denna kunskap anv\u00e4nder vi i den existerande f\u00f6rvaltningen men \u00e4ven f\u00f6r att utveckla nya intressanta projekt inom finans. Inom finans h\u00e5ller den nya teknologin snabbt p\u00e5 att f\u00f6r\u00e4ndra hela finanssektorn inklusive banker och kapitalf\u00f6rvaltning. Nya akt\u00f6rer kan nu relativt enkelt etablera sig och sedan snabbt expandera till mycket l\u00e5g kostnad om de har en intressant service att erbjuda.<\/p>\n<p>Vi arbetar p\u00e5 att hitta olika l\u00f6sningar p\u00e5 problemet med underfinansierade pensionssystem och det otillr\u00e4ckliga l\u00e5ngsiktiga privata pensionssparandet i de flesta l\u00e4nder runt om i v\u00e4rlden.<\/p>\n<p>Under namnet EasyPension har vi som m\u00e5l att i framtiden kunna erbjuda en automatiserad digital f\u00f6rvaltning, \u00e4ven kallat robo-advisor p\u00e5 ett antal intressanta marknader runt om i v\u00e4rlden, inklusive Kina. Vi kommer bland annat att anv\u00e4nda en modellportf\u00f6lj baserad p\u00e5 v\u00e5r fler\u00e5riga framg\u00e5ngsrika f\u00f6rvaltning inom de nischer vi \u00e4r specialiserade. Kontakta oss p\u00e5 <a href=\"mailto:info@wealthaccounts.com\">info@wealthaccounts.com<\/a> om du \u00e4r intresserad av att vara med som partner.<\/p>\n","protected":false},"excerpt":{"rendered":"<p>International Wealth Accounts Ltd (IWA) \u00e4r en modern akt\u00f6r anpassad efter dagens finansiella och digitala verklighet. F\u00f6retaget \u00e4r grundat och \u00e4gs av Magnus Jacobsson som har 25 \u00e5rs erfarenhet fr\u00e5n aktie och derivatmarknader \u00f6ver hela v\u00e4rlden. F\u00f6retaget var tidigare registrerat i Hong Kong men \u00e4r nu registrerat p\u00e5 BVI. Vi samarbetar med olika akt\u00f6rer i &#8230; <a title=\"International Wealth Accounts\" class=\"read-more\" href=\"https:\/\/www.wealthaccounts.com\/sv\/\">L\u00e4s mer<span class=\"screen-reader-text\">International Wealth Accounts<\/span><\/a><\/p>\n","protected":false},"author":1,"featured_media":0,"parent":0,"menu_order":0,"comment_status":"closed","ping_status":"open","template":"","meta":[],"_links":{"self":[{"href":"https:\/\/www.wealthaccounts.com\/sv\/wp-json\/wp\/v2\/pages\/2"}],"collection":[{"href":"https:\/\/www.wealthaccounts.com\/sv\/wp-json\/wp\/v2\/pages"}],"about":[{"href":"https:\/\/www.wealthaccounts.com\/sv\/wp-json\/wp\/v2\/types\/page"}],"author":[{"embeddable":true,"href":"https:\/\/www.wealthaccounts.com\/sv\/wp-json\/wp\/v2\/users\/1"}],"replies":[{"embeddable":true,"href":"https:\/\/www.wealthaccounts.com\/sv\/wp-json\/wp\/v2\/comments?post=2"}],"version-history":[{"count":8,"href":"https:\/\/www.wealthaccounts.com\/sv\/wp-json\/wp\/v2\/pages\/2\/revisions"}],"predecessor-version":[{"id":191,"href":"https:\/\/www.wealthaccounts.com\/sv\/wp-json\/wp\/v2\/pages\/2\/revisions\/191"}],"wp:attachment":[{"href":"https:\/\/www.wealthaccounts.com\/sv\/wp-json\/wp\/v2\/media?parent=2"}],"curies":[{"name":"wp","href":"https:\/\/api.w.org\/{rel}","templated":true}]}}