{"id":20,"date":"2016-05-22T09:42:24","date_gmt":"2016-05-22T07:42:24","guid":{"rendered":"http:\/\/wealthaccounts.underluppen.se\/?page_id=20"},"modified":"2024-09-07T18:27:57","modified_gmt":"2024-09-07T16:27:57","slug":"var-avkastning","status":"publish","type":"page","link":"https:\/\/www.wealthaccounts.com\/sv\/var-avkastning\/","title":{"rendered":"V\u00e5r avkastning"},"content":{"rendered":"<h2>61,8% f\u00f6r 2019!<\/h2>\n<p>H\u00e4r \u00e4r utvecklingen av v\u00e5r modellportf\u00f6lj under de senaste tolv \u00e5ren.<\/p>\n<table width=\"327\">\n<tbody>\n<tr>\n<td width=\"62\">\u00c5R<\/td>\n<td width=\"74\">PORTF\u00d6LJ<\/td>\n<td width=\"83\">INDEX (Inkl. Utdelningar)<\/td>\n<td width=\"107\">\u00d6veravkastning<\/td>\n<\/tr>\n<tr>\n<td width=\"62\">2011<\/td>\n<td width=\"74\">-10,3<\/td>\n<td width=\"83\">-11,6<\/td>\n<td width=\"107\">+1,3<\/td>\n<\/tr>\n<tr>\n<td width=\"62\">2012<\/td>\n<td width=\"74\">+21,2<\/td>\n<td width=\"83\">+17,5<\/td>\n<td width=\"107\">+3,7<\/td>\n<\/tr>\n<tr>\n<td width=\"62\">2013<\/td>\n<td width=\"74\">+34,2<\/td>\n<td width=\"83\">+25,4<\/td>\n<td width=\"107\">+8,8<\/td>\n<\/tr>\n<tr>\n<td width=\"62\">2014<\/td>\n<td width=\"74\">+21,8<\/td>\n<td width=\"83\">+13,9<\/td>\n<td width=\"107\">+7,9<\/td>\n<\/tr>\n<tr>\n<td width=\"62\">2015<\/td>\n<td width=\"74\">+38,5<\/td>\n<td width=\"83\">+2,2<\/td>\n<td width=\"107\">+36,3<\/td>\n<\/tr>\n<tr>\n<td width=\"62\">2016<\/td>\n<td width=\"74\">+22,6<\/td>\n<td width=\"83\">+9,4<\/td>\n<td width=\"107\">+13,2<\/td>\n<\/tr>\n<tr>\n<td width=\"62\">2017<\/td>\n<td width=\"74\">+9,7<\/td>\n<td width=\"83\">+7,7<\/td>\n<td width=\"107\">+2,0<\/td>\n<\/tr>\n<tr>\n<td width=\"62\">2018<\/td>\n<td width=\"74\">+2,7<\/td>\n<td width=\"83\">-7,0<\/td>\n<td width=\"107\">+9,7<\/td>\n<\/tr>\n<tr>\n<td width=\"62\">2019<\/td>\n<td width=\"74\">+61,8<\/td>\n<td width=\"83\">+30,7<\/td>\n<td width=\"107\">+31,1<\/td>\n<\/tr>\n<tr>\n<td width=\"62\">2020<\/td>\n<td width=\"74\">+26,8<\/td>\n<td width=\"83\">+7,4<\/td>\n<td width=\"107\">+19,4<\/td>\n<\/tr>\n<tr>\n<td width=\"62\">2021<\/td>\n<td width=\"74\">+24,6<\/td>\n<td width=\"83\">+29,7<\/td>\n<td width=\"107\">-5,1<\/td>\n<\/tr>\n<tr>\n<td width=\"62\">2022<\/td>\n<td width=\"74\">-10,6<\/td>\n<td width=\"83\">-15,5<\/td>\n<td width=\"107\">+4,9<\/td>\n<\/tr>\n<tr>\n<td width=\"62\">2023<\/td>\n<td width=\"74\">+24,9<\/td>\n<td width=\"83\">+19,0<\/td>\n<td width=\"107\">+5,9<\/td>\n<\/tr>\n<\/tbody>\n<\/table>\n<p>\u00d6VERGRIPANDE STRATEGI I MODELLPORTF\u00d6LJEN<\/p>\n<ul>\n<li>N\u00e4stan alltid 100% investerade.<\/li>\n<li>Innehav av ca 10 olika aktier, fonder eller ETFs (Exchanged Traded Funds)<\/li>\n<li>S\u00e4ljer optioner ca 10-12 g\u00e5nger per \u00e5r f\u00f6r att reducera risken (s.k covered calls). B\u00e5de mot Index och enskilda aktier.<\/li>\n<li>Aldrig blankning av terminer, men har blankat aktier n\u00e5gra g\u00e5nger, alltid med en stop-loss.<\/li>\n<\/ul>\n<p>H\u00e4r \u00e4r en snapshot p\u00e5 portf\u00f6ljutvecklingen under 2019:<\/p>\n<p><img loading=\"lazy\" class=\"alignnone size-full wp-image-179\" src=\"http:\/\/www.wealthaccounts.com\/wp-content\/uploads\/2020\/01\/avkastning-2019.jpg\" alt=\"Return 2019\" width=\"589\" height=\"441\" srcset=\"https:\/\/www.wealthaccounts.com\/wp-content\/uploads\/2020\/01\/avkastning-2019.jpg 589w, https:\/\/www.wealthaccounts.com\/wp-content\/uploads\/2020\/01\/avkastning-2019-300x225.jpg 300w\" sizes=\"(max-width: 589px) 100vw, 589px\" \/><\/p>\n","protected":false},"excerpt":{"rendered":"<p>61,8% f\u00f6r 2019! H\u00e4r \u00e4r utvecklingen av v\u00e5r modellportf\u00f6lj under de senaste tolv \u00e5ren. \u00c5R PORTF\u00d6LJ INDEX (Inkl. Utdelningar) \u00d6veravkastning 2011 -10,3 -11,6 +1,3 2012 +21,2 +17,5 +3,7 2013 +34,2 +25,4 +8,8 2014 +21,8 +13,9 +7,9 2015 +38,5 +2,2 +36,3 2016 +22,6 +9,4 +13,2 2017 +9,7 +7,7 +2,0 2018 +2,7 -7,0 +9,7 2019 +61,8 +30,7 &#8230; <a title=\"V\u00e5r avkastning\" class=\"read-more\" href=\"https:\/\/www.wealthaccounts.com\/sv\/var-avkastning\/\">L\u00e4s mer<span class=\"screen-reader-text\">V\u00e5r avkastning<\/span><\/a><\/p>\n","protected":false},"author":1,"featured_media":0,"parent":0,"menu_order":0,"comment_status":"closed","ping_status":"closed","template":"","meta":[],"_links":{"self":[{"href":"https:\/\/www.wealthaccounts.com\/sv\/wp-json\/wp\/v2\/pages\/20"}],"collection":[{"href":"https:\/\/www.wealthaccounts.com\/sv\/wp-json\/wp\/v2\/pages"}],"about":[{"href":"https:\/\/www.wealthaccounts.com\/sv\/wp-json\/wp\/v2\/types\/page"}],"author":[{"embeddable":true,"href":"https:\/\/www.wealthaccounts.com\/sv\/wp-json\/wp\/v2\/users\/1"}],"replies":[{"embeddable":true,"href":"https:\/\/www.wealthaccounts.com\/sv\/wp-json\/wp\/v2\/comments?post=20"}],"version-history":[{"count":14,"href":"https:\/\/www.wealthaccounts.com\/sv\/wp-json\/wp\/v2\/pages\/20\/revisions"}],"predecessor-version":[{"id":243,"href":"https:\/\/www.wealthaccounts.com\/sv\/wp-json\/wp\/v2\/pages\/20\/revisions\/243"}],"wp:attachment":[{"href":"https:\/\/www.wealthaccounts.com\/sv\/wp-json\/wp\/v2\/media?parent=20"}],"curies":[{"name":"wp","href":"https:\/\/api.w.org\/{rel}","templated":true}]}}