{"id":24,"date":"2016-05-22T09:44:00","date_gmt":"2016-05-22T07:44:00","guid":{"rendered":"http:\/\/wealthaccounts.underluppen.se\/?page_id=24"},"modified":"2016-05-29T10:18:39","modified_gmt":"2016-05-29T08:18:39","slug":"om-oss","status":"publish","type":"page","link":"https:\/\/www.wealthaccounts.com\/sv\/om-oss\/","title":{"rendered":"Om oss"},"content":{"rendered":"<p><strong>Om grundaren Magnus Jacobsson<\/strong><\/p>\n<h2 style=\"text-align: center;\">Grundat flera framg\u00e5ngsrika f\u00f6retag<\/h2>\n<p>International Wealth Accounts Ltd grundades i Hong Kong 2012, av mig Magnus Jacobsson, som \u00e4r specialiserad p\u00e5 den internationella aktiemarknaden samt aktierelaterade derivat. Jag \u00e4r civilekonom och har en internationell karri\u00e4r inom finansbranschen p\u00e5 drygt 25 \u00e5r bakom mig.<\/p>\n<p>Jag har startat ett flertal f\u00f6retag under \u00e5rens lopp, bl.a Svenska Konvertibel Institutet AB som handlade svenska personalkonvertibler under 90-talet. Var d\u00e5 \u00e4ven med i uppstarten av Optionsteknik AB som h\u00f6ll p\u00e5 med aktie och optionsaff\u00e4rer. I samband med att jag flyttade till Kina s\u00e5 grundade jag Shanghai International Partners Ltd, som h\u00f6ll p\u00e5 med r\u00e5dgivning i Kina till 2005 och internationell aktie och optionshandel mellan 1996- 2013. Shanghai International Partners Ltd var en f\u00f6reg\u00e5ngare till International Wealth Accounts Ltd.<\/p>\n<h2 style=\"text-align: center;\">L\u00e5ng erfarenhet som professionell akt\u00f6r<\/h2>\n<p>Jag b\u00f6rjade min karri\u00e4r genom att tidigt bli ansvarig f\u00f6r market makingen av aktiederivat hos Servisen Trading AB, en av de st\u00f6rsta och mest framg\u00e5ngsrika akt\u00f6rerna i Sverige p\u00e5 den tiden. D\u00e4refter internrekryterades jag till QT Optec AG, Zug i Schweiz som var ett dotterbolag till Servisen. \u00c4ven d\u00e4r var jag market maker i aktiepotioner och hj\u00e4lpte \u00e4ven QT Optec att starta upp den f\u00f6rsta Luxemburg baserade aktiefonden med UCIT licens f\u00f6r att anv\u00e4nda aktieoptioner som prisfallsskydd p\u00e5 de stora europeiska b\u00f6rserna. Jag var ansvarig fondf\u00f6rvaltare f\u00f6r denna nya fond, Europtec Protection samt obligationsfonden Europtec Bond Protection.<\/p>\n<p>D\u00e4refter blev jag internrekryterad som chefshandlare f\u00f6r den holl\u00e4ndska banken Mees Piersons svenska aktie och derivat verksamhet, som hade startats tillsammans med grundarna av QT Optec AG.<\/p>\n<h2 style=\"text-align: center;\">F\u00f6rsta v\u00e4sterl\u00e4nning i Kina<\/h2>\n<p>\u00c5r 1995 flyttade jag till Shanghai i Kina som f\u00f6rsta och l\u00e4nge den enda utl\u00e4nningen som arbetade f\u00f6r en statlig investmentbank p\u00e5 kinesiska fastlandet, China Securities Co.,Ltd. Tillsammans med Skandia startade vi en aktiefond med fokus p\u00e5 kinesiska fastlandsaktier, Skandia China Mainland Equity Fund.<\/p>\n<p>Jag har skapat flera investeringsprodukter tillsammans med st\u00f6rre institutioner. Tillsammans med Sparbanken (nuvarande Swedbank) skapade vi redan i mitten av 90-talet en garanterad indexobligation, s.k SPAX f\u00f6r svenska investerare intresserade av de fastlandskinesiska b\u00f6rserna i Shanghai och Shenzhen. Jag har ocks\u00e5 bist\u00e5tt f\u00f6rm\u00f6gna v\u00e4sterl\u00e4ndska privatpersoner och institutioner med att skapa och f\u00f6rvalta aktieportf\u00f6ljer p\u00e5 de fastlandskinesiska b\u00f6rserna och hj\u00e4lpt ett flertal av kunderna att s\u00e4lja OTC-optioner som kursfallsskydd mot sina kinesiska aktier.<\/p>\n<p>China Securities f\u00f6rvaltning och mitt \u00f6vriga samarbete med Skandia Mainland Equity Fund upph\u00f6rde i slutet av 2005 och d\u00e4refter har jag fokuserat p\u00e5 f\u00f6rvaltning f\u00f6r ett f\u00e5tal stora kunder, samt n\u00e5gra egna investeringar p\u00e5 europeiska aktie och optionsmarknader, vilket ocks\u00e5 innebar finansiering av n\u00e5gra mindre fastighetsprojekt i Asien.<\/p>\n<h2 style=\"text-align: center;\">Attraktiv f\u00f6rvaltning<\/h2>\n<p>De senaste \u00e5rens turbulens p\u00e5 aktiemarknaden och den snabba digitaliseringen har skapat en stor efterfr\u00e5gan fr\u00e5n tidigare kunder som vill ha en aktieportf\u00f6lj med mindre sv\u00e4ngningar och en mer stabil avkastning och jag beslutade d\u00e5 att grunda International Wealth Accounts Ltd. F\u00f6retaget \u00e4r inte verksamt mot slutkunder f\u00f6rutom ett f\u00e5tal v\u00e4lb\u00e4rgade kunder. F\u00f6rvaltningen sker huvudsakligen som underleverant\u00f6r mot\u00a0 st\u00f6rre samarbetspartner i olika jurisdiktioner runt om i v\u00e4rlden som uppfyller de alltmer omfattande kraven f\u00f6r att v\u00e4nda sig mot mindre slutkunder. Kontakta oss g\u00e4rna f\u00f6r mer information p\u00e5 <a href=\"mailto:info@wealthaccounts.com\">info@wealthaccounts.com<\/a> om ni vill veta mer eller \u00e4r intresserad av ett samarbete.<\/p>\n","protected":false},"excerpt":{"rendered":"<p>Om grundaren Magnus Jacobsson Grundat flera framg\u00e5ngsrika f\u00f6retag International Wealth Accounts Ltd grundades i Hong Kong 2012, av mig Magnus Jacobsson, som \u00e4r specialiserad p\u00e5 den internationella aktiemarknaden samt aktierelaterade derivat. Jag \u00e4r civilekonom och har en internationell karri\u00e4r inom finansbranschen p\u00e5 drygt 25 \u00e5r bakom mig. Jag har startat ett flertal f\u00f6retag under \u00e5rens &#8230; <a title=\"Om oss\" class=\"read-more\" href=\"https:\/\/www.wealthaccounts.com\/sv\/om-oss\/\">L\u00e4s mer<span class=\"screen-reader-text\">Om oss<\/span><\/a><\/p>\n","protected":false},"author":1,"featured_media":0,"parent":0,"menu_order":0,"comment_status":"closed","ping_status":"closed","template":"","meta":[],"_links":{"self":[{"href":"https:\/\/www.wealthaccounts.com\/sv\/wp-json\/wp\/v2\/pages\/24"}],"collection":[{"href":"https:\/\/www.wealthaccounts.com\/sv\/wp-json\/wp\/v2\/pages"}],"about":[{"href":"https:\/\/www.wealthaccounts.com\/sv\/wp-json\/wp\/v2\/types\/page"}],"author":[{"embeddable":true,"href":"https:\/\/www.wealthaccounts.com\/sv\/wp-json\/wp\/v2\/users\/1"}],"replies":[{"embeddable":true,"href":"https:\/\/www.wealthaccounts.com\/sv\/wp-json\/wp\/v2\/comments?post=24"}],"version-history":[{"count":5,"href":"https:\/\/www.wealthaccounts.com\/sv\/wp-json\/wp\/v2\/pages\/24\/revisions"}],"predecessor-version":[{"id":79,"href":"https:\/\/www.wealthaccounts.com\/sv\/wp-json\/wp\/v2\/pages\/24\/revisions\/79"}],"wp:attachment":[{"href":"https:\/\/www.wealthaccounts.com\/sv\/wp-json\/wp\/v2\/media?parent=24"}],"curies":[{"name":"wp","href":"https:\/\/api.w.org\/{rel}","templated":true}]}}