{"id":33,"date":"2016-05-22T10:08:18","date_gmt":"2016-05-22T08:08:18","guid":{"rendered":"http:\/\/wealthaccounts.underluppen.se\/?page_id=33"},"modified":"2016-05-30T11:42:58","modified_gmt":"2016-05-30T09:42:58","slug":"fragor-och-svar","status":"publish","type":"page","link":"https:\/\/www.wealthaccounts.com\/sv\/fragor-och-svar\/","title":{"rendered":"Fr\u00e5gor och svar"},"content":{"rendered":"<p><strong>Besvarade av Magnus Jacobsson, grundare av International Wealth Accounts Ltd<\/strong><\/p>\n<h2>Q1. Vilka kunder riktar sig International Wealth Accounts Ltd (IWA) till?<\/h2>\n<p>A1. IWA riktar sig till v\u00e4lb\u00e4rgade individer (High Net Worth Individuals &#8211; HNWI) och mindre institutioner som \u00e4r m\u00e5na om att uppn\u00e5 en j\u00e4mn avkastning utan alltf\u00f6r h\u00f6ga risker.<\/p>\n<h2>Q2. Varf\u00f6r skall jag anlita IWA?<\/h2>\n<p>A2. Om du \u00e4r m\u00e5n om att uppn\u00e5 en j\u00e4mn avkastning utan alltf\u00f6r h\u00f6ga risker.<br \/>\nOm du vill ha dina pengar p\u00e5 din egen aktiedep\u00e5 och sj\u00e4lv vill v\u00e4lja bank eller fondkommission\u00e4r.<br \/>\nOm du vill anv\u00e4nda din tid till annat \u00e4n att f\u00f6lja b\u00f6rserna p\u00e5 en daglig basis.<br \/>\nSist men inte minst om du <strong>endast vill betala f\u00f6r framg\u00e5ngsrika resultat.<\/strong><\/p>\n<h2>Q3. Varf\u00f6r tar ni endast ut en avgift som \u00e4r baserad p\u00e5 resultatet?<\/h2>\n<p>A3. D\u00e4rigenom kan kunden vara s\u00e4ker p\u00e5 att IWA och kunden alltid har samma m\u00e5l, n\u00e4mligen att uppn\u00e5 en l\u00e5ngsiktig h\u00f6g och j\u00e4mn avkastning f\u00f6r kunden. Det finns en teoretisk risk att vi skulle ta f\u00f6r h\u00f6g risk men vi satsar p\u00e5 l\u00e5ngsiktiga samarbeten.<\/p>\n<h2>Q4. Varifr\u00e5n kommer konceptet att IWA bara tar ut en r\u00f6rlig avgift?<\/h2>\n<p>A4. Det kommer fr\u00e5n fastlandskina. Under mina m\u00e5nga \u00e5r p\u00e5 kinesiska fastlandet hos China Securities Co.,Ltd i Shanghai, m\u00e4rkte jag att det var ett koncept som efterfr\u00e5gades av m\u00e5nga kinesiska kunder. I den kinesiska kulturen ser det d\u00e5ligt ut att ta betalt om kunden inte f\u00e5r n\u00e5gon avkastning. Om man inte tar n\u00e5got betalt vid d\u00e5ligt resultat f\u00f6rlorar man inte ansiktet. Vi p\u00e5 IWA tycker det \u00e4r ett mycket bra koncept och man skall helt enkelt inte vara i branschen om man inte klarar av att ge kunden en l\u00e5ngsiktigt god avkastning.<\/p>\n<h2>Q5. Kan man v\u00e4lja att ha en fast avgift ist\u00e4llet f\u00f6r en r\u00f6rlig avgift?<\/h2>\n<p>A5. Ja, det finns ett f\u00e5tal kunder som har en fast avgift. De flesta kunderna har dock en r\u00f6rlig avgift och \u00e4r n\u00f6jda med det.<\/p>\n<h2>Q6. Varf\u00f6r har kunden sina pengar och aktier i sin egen aktiedep\u00e5?<\/h2>\n<p>A6. Vi \u00e4r en liten organisation med ett begr\u00e4nsat antal kunder och har kommit fram till att detta \u00e4r det smidigaste s\u00e4ttet att hantera kundens tillg\u00e5ngar. Dessutom kan kunden k\u00e4nna sig trygg n\u00e4r pengarna alltid \u00e4r i deras eget namn och ingen annan kan r\u00f6ra dem.<\/p>\n<h2>Q7. Kan man ha sin aktiedep\u00e5 var man vill?<\/h2>\n<p>A7. IWA samarbetar med n\u00e5gra utvalda banker och fondkommission\u00e4rer runt om i v\u00e4rlden, men i princip \u00e4r vi \u00f6ppna f\u00f6r samarbete med flera om de bara har en h\u00f6g kreditv\u00e4rdighet och alla n\u00f6dv\u00e4ndiga tillst\u00e5nd. Hos en del m\u00e4klare \u00e4r det en ganska komplicerad process att \u00f6ppna konton, hos en av de st\u00f6rre amerikanska har de 49 sidor att fylla i!<\/p>\n<h2>Q8. Vilka placeringar \u00e4r ni specialiserade p\u00e5?<\/h2>\n<p>A8. Vi \u00e4r experter p\u00e5 aktier och har en gedigen erfarenhet fr\u00e5n m\u00e5nga internationella aktiemarknader. Vi arbetar huvudsakligen med tre olika l\u00e5ngsiktiga aktieportf\u00f6ljer utifr\u00e5n den riskniv\u00e5 och f\u00f6rv\u00e4ntad avkastning som kunden f\u00f6redrar.<\/p>\n<p>Vi \u00e4r \u00e4ven specialiserade p\u00e5 aktiederivat som instrument f\u00f6r att <u>reducera<\/u> risken och kan erbjuda en Covered calls baserad aktieportf\u00f6lj f\u00f6r de kunder som \u00f6nskar. <strong>V\u00e5ra Covered calls portf\u00f6ljer \u00e4r ett intressant alternativ i dagens l\u00e5gr\u00e4nteklimat f\u00f6r den som vill ha en j\u00e4mnare avkastning till en l\u00e4gre risk \u00e4n en vanlig aktieportf\u00f6lj.<\/strong> Speciellt i dessa tider n\u00e4r b\u00f6rsen, trots en \u00f6kad risk, \u00e4r ett lockande alternativ j\u00e4mf\u00f6rt med den obefintliga riskfria r\u00e4ntan. Om det blir st\u00f6rre uppg\u00e5ngar \u00e4r man dock inte med p\u00e5 hela uppg\u00e5ngen men man tj\u00e4nar ist\u00e4llet pengar \u00e4ven d\u00e5 b\u00f6rsen st\u00e5r stilla och \u00e4ven om den g\u00e5r ned lite.<\/p>\n<p>V\u00e5r unika erfarenhet fr\u00e5n Kinas b\u00f6rser g\u00f6r att vi \u00e4ven kan erbjuda kinesiska aktier som en krydda i portf\u00f6ljen.<\/p>\n<h2>Q9. \u00c4r det inte f\u00f6r h\u00f6g risk att k\u00f6pa kinesiska aktier?<\/h2>\n<p>A9. Vi anser att man kan ha en liten del kinesiska aktier i sin aktieportf\u00f6lj. Tillv\u00e4xten i Kina \u00e4r fortfarande h\u00f6g och utvecklingen g\u00e5r fram\u00e5t med snabba steg. Det finns m\u00e5nga fallgropar i Kina men samtidigt finns det stora m\u00f6jligheter att tj\u00e4na pengar f\u00f6r den som kan hitta de r\u00e4tta aktierna. V\u00e5r erfarenhet fr\u00e5n de kinesiska b\u00f6rserna och v\u00e5rt n\u00e4tverk inneb\u00e4r att vi har goda m\u00f6jligheter att ta fram vinnande aktier.<\/p>\n<h2>Q10. Kan ni erbjuda kunderna n\u00e5gra andra intressanta investeringar?<\/h2>\n<p>A10. Ja. Vi har en del v\u00e4l insatta kunder som vill att vi hj\u00e4lper dem att ta tillvara p\u00e5 de olika m\u00f6jligheter som uppst\u00e5r under perioder n\u00e4r det \u00e4r mycket r\u00f6relser p\u00e5 marknaden. Det g\u00e5r att g\u00f6ra mycket l\u00f6nsamma derivataff\u00e4rer med l\u00e5g risk n\u00e4r aktier sv\u00e4nger mycket. I och med att vi har l\u00e5ng erfarenhet och f\u00f6ljer marknaden p\u00e5 n\u00e4ra h\u00e5ll s\u00e5 kan vi identifiera ett antal intressanta investeringstillf\u00e4llen per \u00e5r.<\/p>\n<p>Jag vill po\u00e4ngtera att vi i dessa speciall\u00f6sningar inte \u00e4r speciellt f\u00f6rtjusta i att k\u00f6pa optioner d\u00e5 vi anser att det \u00e4r alltf\u00f6r spekulativt. D\u00e4remot s\u00e4ljer vi g\u00e4rna optioner mot underliggande innehav om marknaden ger bra betalt och vi d\u00e4rmed kan dra ner risken f\u00f6r kunden.<\/p>\n<p>Just nu h\u00e5ller vi \u00e4ven p\u00e5 med n\u00e5gra startup projekt under namnet EasyPension inom automatiserad kapitalf\u00f6rvaltning s.k robo-advisors. D\u00e4r \u00e4r vi \u00f6ppna f\u00f6r strategiska samarbeten, men det bli troligen aktuellt med att i framtiden ta in ren finansiering fr\u00e5n investerare n\u00e4r vi expanderar i olika l\u00e4nder, bland annat Kina.<\/p>\n<p>Det uppst\u00e5r alltid nya intressanta m\u00f6jligheter att uppn\u00e5 en bra avkastning. Om man \u00e4r samarbetspartner med IWA kan man vara s\u00e4ker p\u00e5 att kunna hitta attraktiva investeringar.<\/p>\n<h2>Q11. Har ni n\u00e5gra bra l\u00e4stips om man vill l\u00e4ra sig mer om b\u00f6rsen?<\/h2>\n<p>A11. Jag l\u00e4ser v\u00e4ldigt mycket b\u00f6cker fr\u00e4mst av eget intresse, men \u00e4ven f\u00f6r att ta del av erfarenheter och hitta samband som leder till nya l\u00f6nsamma aff\u00e4rer. H\u00e4r \u00e4r n\u00e5gra v\u00e4ldigt bra b\u00f6cker:<\/p>\n<p>The Intelligent Investor \u2013 Benjamin Graham<\/p>\n<p>Common stocks and uncommon profits &#8211; Philipp A.Fisher<\/p>\n<p>The Common Sense of Money and Investments &#8211; Merryle Stanley Rukeyser<\/p>\n<p>The Stock Market Barometer \u2013 William Peter Hamilton<\/p>\n<p>The Volatility Course &#8211; George A. Fontanills &amp; Tom Gentile<\/p>\n<p>&nbsp;<\/p>\n<p>Extraordinary Popular Delusions and the Madness of Crowds &#8211; Charles Mackay<\/p>\n<p>Confusi\u00f3n de Confusiones (English) \u2013 Joseph de la Vega<\/p>\n<p>Options as a Strategic Investment &#8211; Lawrence G. McMillan.<\/p>\n<p>The Stock Option Income Generator \u2013 Harvey C. Friedentag.<\/p>\n<p>New Insights on Covered Call Writing \u2013 Richard Lehman and Lawrence G. McMillan.<\/p>\n<p>&nbsp;<\/p>\n<p>Technical Analysis of the Futures Markets \u2013 John J Murphy.<\/p>\n<p>Reminiscences of a Stock Operator &#8211; Edwin Lefevre<\/p>\n<p>Jesse Livermore: World&#8217;s Greatest Stock Trader &#8211; Richard Smitten<\/p>\n<p>Where Are the Customers Yachts \u2013 Fred Schwed JR.<\/p>\n<p>The House of Morgan \u2013 Ron Chernow<\/p>\n<p>&nbsp;<\/p>\n<p>One up on Wall Street \u2013 Peter Lynch<\/p>\n<p>Contrarian Investment Strategies \u2013 David Dreman<\/p>\n<p>Deflation \u2013 A. Gary Shilling<\/p>\n<p>The Little Book of Common Sense Investing \u2013 John C. Bogle<\/p>\n","protected":false},"excerpt":{"rendered":"<p>Besvarade av Magnus Jacobsson, grundare av International Wealth Accounts Ltd Q1. Vilka kunder riktar sig International Wealth Accounts Ltd (IWA) till? A1. IWA riktar sig till v\u00e4lb\u00e4rgade individer (High Net Worth Individuals &#8211; HNWI) och mindre institutioner som \u00e4r m\u00e5na om att uppn\u00e5 en j\u00e4mn avkastning utan alltf\u00f6r h\u00f6ga risker. Q2. Varf\u00f6r skall jag anlita &#8230; <a title=\"Fr\u00e5gor och svar\" class=\"read-more\" href=\"https:\/\/www.wealthaccounts.com\/sv\/fragor-och-svar\/\">L\u00e4s mer<span class=\"screen-reader-text\">Fr\u00e5gor och svar<\/span><\/a><\/p>\n","protected":false},"author":1,"featured_media":0,"parent":0,"menu_order":0,"comment_status":"closed","ping_status":"closed","template":"","meta":[],"_links":{"self":[{"href":"https:\/\/www.wealthaccounts.com\/sv\/wp-json\/wp\/v2\/pages\/33"}],"collection":[{"href":"https:\/\/www.wealthaccounts.com\/sv\/wp-json\/wp\/v2\/pages"}],"about":[{"href":"https:\/\/www.wealthaccounts.com\/sv\/wp-json\/wp\/v2\/types\/page"}],"author":[{"embeddable":true,"href":"https:\/\/www.wealthaccounts.com\/sv\/wp-json\/wp\/v2\/users\/1"}],"replies":[{"embeddable":true,"href":"https:\/\/www.wealthaccounts.com\/sv\/wp-json\/wp\/v2\/comments?post=33"}],"version-history":[{"count":5,"href":"https:\/\/www.wealthaccounts.com\/sv\/wp-json\/wp\/v2\/pages\/33\/revisions"}],"predecessor-version":[{"id":89,"href":"https:\/\/www.wealthaccounts.com\/sv\/wp-json\/wp\/v2\/pages\/33\/revisions\/89"}],"wp:attachment":[{"href":"https:\/\/www.wealthaccounts.com\/sv\/wp-json\/wp\/v2\/media?parent=33"}],"curies":[{"name":"wp","href":"https:\/\/api.w.org\/{rel}","templated":true}]}}